{"id":182,"date":"2016-12-19T11:51:59","date_gmt":"2016-12-19T10:51:59","guid":{"rendered":"https:\/\/www.anerie.com\/web\/?page_id=182"},"modified":"2026-01-19T16:08:42","modified_gmt":"2026-01-19T15:08:42","slug":"formations","status":"publish","type":"page","link":"https:\/\/www.anerie.com\/web\/formations\/","title":{"rendered":"Les formations"},"content":{"rendered":"\r\n<div class=\"wp-block-columns is-layout-flex wp-container-core-columns-is-layout-9d6595d7 wp-block-columns-is-layout-flex\">\r\n<div class=\"wp-block-column is-layout-flow wp-block-column-is-layout-flow\" style=\"flex-basis: 100%;\"><header class=\"entry-header\">\r\n<p><strong><span style=\"color: #008000;\"><img loading=\"lazy\" decoding=\"async\" class=\"alignnone wp-image-5\" src=\"https:\/\/www.anerie.com\/web\/wp-content\/uploads\/2016\/12\/logo-anerie.jpg\" alt=\"logo-anerie\" width=\"47\" height=\"47\" srcset=\"https:\/\/www.anerie.com\/web\/wp-content\/uploads\/2016\/12\/logo-anerie.jpg 240w, https:\/\/www.anerie.com\/web\/wp-content\/uploads\/2016\/12\/logo-anerie-150x150.jpg 150w, https:\/\/www.anerie.com\/web\/wp-content\/uploads\/2016\/12\/logo-anerie-230x230.jpg 230w, https:\/\/www.anerie.com\/web\/wp-content\/uploads\/2016\/12\/logo-anerie-80x80.jpg 80w\" sizes=\"auto, (max-width: 47px) 100vw, 47px\" \/>&nbsp;<\/span><\/strong>Le premier <span style=\"color: #008000;\">stage de formation<\/span> \u00e2ni\u00e8re a eu lieu \u00e0 l&rsquo;\u00c2nerie en 1994 (!) et a ouvert la possibilit\u00e9 de prise en charge d&rsquo;une formation Professionnelle. Depuis 2020, la profession d&rsquo;\u00e2nier n&rsquo;\u00e9tant pas &lsquo;reconnue&rsquo; (!), il ne peut y avoir de &lsquo;formation professionnelle&rsquo;, donc plus de prise en charge possible. Le programme reste le m\u00eame !<\/p>\r\n<p><span style=\"color: #008000;\">Bien que ces formations aient un but professionnel (m\u00eame si&#8230; !) elles sont <strong>ouvertes \u00e0 tous <\/strong>et il n&rsquo;est pas n\u00e9cessaire de conna\u00eetre l&rsquo;\u00e2ne pour y participer. Elles <strong>s&rsquo;adressent \u00e0 des adultes<\/strong> <\/span>de tous \u00e2ges.&nbsp;<\/p>\r\n<p><strong>Plusieurs professionnels interviennent<\/strong> selon leur sp\u00e9cialit\u00e9.<\/p>\r\n<p>Cours th\u00e9oriques et\/ou pratiques du lundi matin au vendredi, 9h-19h dont le repas de midi (et parfois une petite sieste de 20mn \ud83d\ude09 ). On discute beaucoup pendant les repas et souvent tard le soir !&nbsp;<\/p>\r\n<p>&nbsp;<\/p>\r\n<h3 class=\"entry-title\"><a href=\"https:\/\/www.anerie.com\/web\/module-anier-general\/\"><span style=\"color: #339966;\"><img loading=\"lazy\" decoding=\"async\" class=\"alignnone wp-image-5\" src=\"https:\/\/www.anerie.com\/web\/wp-content\/uploads\/2016\/12\/logo-anerie.jpg\" alt=\"logo-anerie\" width=\"48\" height=\"48\" srcset=\"https:\/\/www.anerie.com\/web\/wp-content\/uploads\/2016\/12\/logo-anerie.jpg 240w, https:\/\/www.anerie.com\/web\/wp-content\/uploads\/2016\/12\/logo-anerie-150x150.jpg 150w, https:\/\/www.anerie.com\/web\/wp-content\/uploads\/2016\/12\/logo-anerie-230x230.jpg 230w, https:\/\/www.anerie.com\/web\/wp-content\/uploads\/2016\/12\/logo-anerie-80x80.jpg 80w\" sizes=\"auto, (max-width: 48px) 100vw, 48px\" \/> Le Module<\/span> <span style=\"color: #ff6600;\">\u00c2nier G\u00e9n\u00e9ral&nbsp;<\/span><\/a><\/h3>\r\n<\/header>\r\n<div class=\"entry-content clearfix\">\r\n<p><em><strong>\u2018Le tour de l\u2019\u00e2ne en 5 jours\u2019<\/strong><\/em><\/p>\r\n<p>Indispensable pour qui d\u00e9sire bien conna\u00eetre l\u2019\u00e2ne d\u00e8s le d\u00e9but et ainsi \u00e9viter t\u00e2tonnements et erreurs.<\/p>\r\n<p>Depuis 2022, tout nouvel acqu\u00e9reur ou d\u00e9tenteur d&rsquo;\u00e9quid\u00e9 doit \u00eatre titulaire du <strong>Certificat d&rsquo;engagement et de connaissance pour la d\u00e9tention d&rsquo;un \u00e9quid\u00e9<\/strong>, pour pouvoir lutter contre la maltraitance animale. Le stage \u00c2nier G\u00e9n\u00e9ral apporte (amplement) les informations suffisantes pour ce Certificat.<\/p>\r\n<p>Comme il n&rsquo;y a plus que 5 \u00e2nes et 5 chambres \u00e0 l&rsquo;\u00c2nerie, les participants sont limit\u00e9s \u00e0 5 : il faut r\u00e9server ! \ud83d\ude09<\/p>\r\n<h4 class=\"entry-title\"><strong><span style=\"color: #ff0000;\"><em>&nbsp;Les dates en 2026 : 16-20 mars&nbsp; et 19-23 octobre<\/em><\/span><\/strong><\/h4>\r\n<p><em>Formation : <strong>440\u20ac<\/strong> par personne pour 5 journ\u00e9es (+ pension compl\u00e8te possible).&nbsp; &nbsp;<\/em> &nbsp;<\/p>\r\n<p><span style=\"color: #ff6600;\"><strong><a style=\"color: #ff6600;\" href=\"https:\/\/www.anerie.com\/web\/formations\/module-anier-general\/\">En savoir plus sur le Module \u00c2nier G\u00e9n\u00e9ral&#8230;<\/a><\/strong><\/span><\/p>\r\n<header class=\"entry-header\"><\/header><\/div>\r\n<h3 class=\"entry-title\"><a href=\"https:\/\/www.anerie.com\/web\/chuchot-ane\/\"><span style=\"color: #339966;\"><img loading=\"lazy\" decoding=\"async\" class=\"alignnone wp-image-5\" src=\"https:\/\/www.anerie.com\/web\/wp-content\/uploads\/2016\/12\/logo-anerie.jpg\" alt=\"logo-anerie\" width=\"52\" height=\"52\" srcset=\"https:\/\/www.anerie.com\/web\/wp-content\/uploads\/2016\/12\/logo-anerie.jpg 240w, https:\/\/www.anerie.com\/web\/wp-content\/uploads\/2016\/12\/logo-anerie-150x150.jpg 150w, https:\/\/www.anerie.com\/web\/wp-content\/uploads\/2016\/12\/logo-anerie-230x230.jpg 230w, https:\/\/www.anerie.com\/web\/wp-content\/uploads\/2016\/12\/logo-anerie-80x80.jpg 80w\" sizes=\"auto, (max-width: 52px) 100vw, 52px\" \/><\/span><\/a> Le module <span style=\"color: #008000;\">D\u00e9buter en traction et attelage :&nbsp;<\/span><\/h3>\r\n<p>avec et chez 3 professionnels dans le Lot, pour \u00e2niers et\/ou cavaliers. Deux sessions dans l&rsquo;ann\u00e9e, en mars et octobre, faisant suite \u00e0 un \u00c2nier G\u00e9n\u00e9ral : il est possible de suivre les deux stages &lsquo;dans la foul\u00e9e&rsquo; ;-).<\/p>\r\n<p><strong>Programme&nbsp;:<\/strong> &nbsp;2 jours \u00e0 l\u2019\u00c2nerie avec Martine pour les diff\u00e9rences \u00e2ne-cheval et la mise \u00e0 la traction (jardinage), et avec Daniel (Bard\u2019\u00c2ne) et des \u00e2nes sur la mise \u00e0 l\u2019attelage (2 roues).&nbsp;&nbsp;<\/p>\r\n<p>2 jours au Centre Equestre des Grottes avec Pascal et ses chevaux (&lsquo;bien \u00e9lev\u00e9s&rsquo; !) sur l\u2019attelage roulant (4 roues)<\/p>\r\n<p>et 1 journ\u00e9e \u00e0 la Ferme Equestre des Landes avec Serge et ses chevaux en paire pour v\u00e9rifier si tout a \u00e9t\u00e9 bien compris-assimil\u00e9.&nbsp;<\/p>\r\n<p><strong>Programme d\u00e9taill\u00e9<\/strong> : clic : <a href=\"https:\/\/www.anerie.com\/web\/wp-content\/uploads\/2024\/11\/1-TA-25-progr.pdf\">1 TA 25 progr<\/a><\/p>\r\n<h6><img loading=\"lazy\" decoding=\"async\" class=\"alignnone  wp-image-123\" src=\"https:\/\/www.anerie.com\/web\/wp-content\/uploads\/2016\/12\/deux-att-300x300.jpg\" alt=\"\" width=\"153\" height=\"153\" srcset=\"https:\/\/www.anerie.com\/web\/wp-content\/uploads\/2016\/12\/deux-att-300x300.jpg 300w, https:\/\/www.anerie.com\/web\/wp-content\/uploads\/2016\/12\/deux-att-150x150.jpg 150w, https:\/\/www.anerie.com\/web\/wp-content\/uploads\/2016\/12\/deux-att-768x768.jpg 768w, https:\/\/www.anerie.com\/web\/wp-content\/uploads\/2016\/12\/deux-att-1024x1024.jpg 1024w, https:\/\/www.anerie.com\/web\/wp-content\/uploads\/2016\/12\/deux-att-230x230.jpg 230w, https:\/\/www.anerie.com\/web\/wp-content\/uploads\/2016\/12\/deux-att-80x80.jpg 80w\" sizes=\"auto, (max-width: 153px) 100vw, 153px\" \/> <img loading=\"lazy\" decoding=\"async\" class=\"alignnone  wp-image-903\" src=\"https:\/\/www.anerie.com\/web\/wp-content\/uploads\/2024\/11\/att-Jules-Bled-300x214.jpg\" alt=\"\" width=\"213\" height=\"152\" srcset=\"https:\/\/www.anerie.com\/web\/wp-content\/uploads\/2024\/11\/att-Jules-Bled-300x214.jpg 300w, https:\/\/www.anerie.com\/web\/wp-content\/uploads\/2024\/11\/att-Jules-Bled-1024x732.jpg 1024w, https:\/\/www.anerie.com\/web\/wp-content\/uploads\/2024\/11\/att-Jules-Bled-768x549.jpg 768w, https:\/\/www.anerie.com\/web\/wp-content\/uploads\/2024\/11\/att-Jules-Bled.jpg 1424w\" sizes=\"auto, (max-width: 213px) 100vw, 213px\" \/>Jules, le mulet et Bled, l&rsquo;\u00e2ne<\/h6>\r\n<div class=\"entry-content clearfix\">\r\n<div class=\"entry-content clearfix\">\r\n<h4 class=\"entry-title\"><a href=\"https:\/\/www.anerie.com\/web\/chuchot-ane\/\"><span style=\"color: #339966;\"><img loading=\"lazy\" decoding=\"async\" class=\"alignnone wp-image-5\" src=\"https:\/\/www.anerie.com\/web\/wp-content\/uploads\/2016\/12\/logo-anerie.jpg\" alt=\"logo-anerie\" width=\"52\" height=\"52\" srcset=\"https:\/\/www.anerie.com\/web\/wp-content\/uploads\/2016\/12\/logo-anerie.jpg 240w, https:\/\/www.anerie.com\/web\/wp-content\/uploads\/2016\/12\/logo-anerie-150x150.jpg 150w, https:\/\/www.anerie.com\/web\/wp-content\/uploads\/2016\/12\/logo-anerie-230x230.jpg 230w, https:\/\/www.anerie.com\/web\/wp-content\/uploads\/2016\/12\/logo-anerie-80x80.jpg 80w\" sizes=\"auto, (max-width: 52px) 100vw, 52px\" \/><\/span><\/a><strong><span style=\"color: #ff0000;\"><em>L<\/em><\/span><\/strong><strong><span style=\"color: #ff0000;\"><em>es&nbsp; dates en 2026 : 23-27 mars&nbsp; et 26-30 octobre<\/em><\/span><\/strong><\/h4>\r\n<p><a href=\"https:\/\/www.anerie.com\/web\/chuchot-ane\/\"><span style=\"color: #339966;\"><img loading=\"lazy\" decoding=\"async\" class=\"alignnone wp-image-5\" src=\"https:\/\/www.anerie.com\/web\/wp-content\/uploads\/2016\/12\/logo-anerie.jpg\" alt=\"logo-anerie\" width=\"52\" height=\"52\" srcset=\"https:\/\/www.anerie.com\/web\/wp-content\/uploads\/2016\/12\/logo-anerie.jpg 240w, https:\/\/www.anerie.com\/web\/wp-content\/uploads\/2016\/12\/logo-anerie-150x150.jpg 150w, https:\/\/www.anerie.com\/web\/wp-content\/uploads\/2016\/12\/logo-anerie-230x230.jpg 230w, https:\/\/www.anerie.com\/web\/wp-content\/uploads\/2016\/12\/logo-anerie-80x80.jpg 80w\" sizes=\"auto, (max-width: 52px) 100vw, 52px\" \/><\/span><\/a><span style=\"color: #ff00ff;\">occasionnellement et sur demande :<\/span> <strong>journ\u00e9e th\u00e9orique sur les connaissances de base (<em>= journ\u00e9e du lundi avec Martine.) (100\u20ac \/ personne dont repas de midi ).<\/em> Cette journ\u00e9e peut suffire pour l&rsquo;obtention du Certificat de D\u00e9tenteur qui ne demande pas de connaissances pratiques.<\/strong><\/p>\r\n<h2 style=\"text-align: center;\"><img loading=\"lazy\" decoding=\"async\" class=\" wp-image-347 aligncenter\" src=\"https:\/\/www.anerie.com\/web\/wp-content\/uploads\/2017\/02\/pissenlit-272x300.jpg\" alt=\"\" width=\"166\" height=\"183\" srcset=\"https:\/\/www.anerie.com\/web\/wp-content\/uploads\/2017\/02\/pissenlit-272x300.jpg 272w, https:\/\/www.anerie.com\/web\/wp-content\/uploads\/2017\/02\/pissenlit.jpg 516w\" sizes=\"auto, (max-width: 166px) 100vw, 166px\" \/><\/h2>\r\n<h3><strong><span style=\"color: #008000;\"><img loading=\"lazy\" decoding=\"async\" class=\"alignnone wp-image-5\" src=\"https:\/\/www.anerie.com\/web\/wp-content\/uploads\/2016\/12\/logo-anerie.jpg\" alt=\"logo-anerie\" width=\"47\" height=\"47\" srcset=\"https:\/\/www.anerie.com\/web\/wp-content\/uploads\/2016\/12\/logo-anerie.jpg 240w, https:\/\/www.anerie.com\/web\/wp-content\/uploads\/2016\/12\/logo-anerie-150x150.jpg 150w, https:\/\/www.anerie.com\/web\/wp-content\/uploads\/2016\/12\/logo-anerie-230x230.jpg 230w, https:\/\/www.anerie.com\/web\/wp-content\/uploads\/2016\/12\/logo-anerie-80x80.jpg 80w\" sizes=\"auto, (max-width: 47px) 100vw, 47px\" \/>L&rsquo;h\u00e9bergement et <\/span><span style=\"color: #008000;\">s<\/span><span style=\"color: #008000;\">es tarifs<\/span><span style=\"color: #008000;\"> :<\/span><br><\/strong><\/h3>\r\n<p>L&rsquo;\u00c2nerie n&rsquo;est pas un h\u00f4tel-restaurant et propose un h\u00e9bergement &lsquo;de d\u00e9pannage&rsquo; qui permet aux stagiaires de rester sur place. Il y a 3-4 chambres plus une caravane et la possibilit\u00e9 de planter la tente. Martine et\/ou Val\u00e9rie pr\u00e9parent les repas pris en commun.<\/p>\r\n<p>Le <span style=\"color: #008000;\"><strong>forfait de pension compl\u00e8te (220\u20ac)<\/strong><\/span> inclut le repas du dimanche soir et le petit d\u00e9jeuner du samedi matin.<\/p>\r\n<p>Au coup par coup, compter 15\u20ac par repas (&lsquo;familial&rsquo;, dont vin et caf\u00e9) et\/ou 20\u20ac par nuit\u00e9e (cad avec douche et petit d\u00e9jeuner) et\/ou 5\u20ac pour seulement la douche et le petit d\u00e9j.<\/p>\r\n<p><span style=\"color: #008000;\"><strong>Pour un couple,<\/strong><\/span> compter 100\u20ac en moins sur le total de la pension pour 2 (220 x 2 &#8211; 100 = 340\u20ac)(lit en 140)<\/p>\r\n<p>et\/ou 170\u20ac de pension pour la semaine pour un <span style=\"color: #008000;\"><strong>accompagnant<\/strong><\/span> n&rsquo;assistant pas aux cours mais dormant dans le m\u00eame lit.<\/p>\r\n<p><span style=\"color: #008000;\">Merci d&rsquo;<strong>apporter vos draps <\/strong><\/span>(en 140) <span style=\"color: #008000;\">et linge de toilette<\/span> si vous venez en voiture. Nous les fournissons \u00e0 ceux qui arrivent en train \ud83d\ude09 (ou qui ont oubli\u00e9 = + 5\u20ac).<\/p>\r\n<p><span style=\"color: #008000;\">Pas de tenue sp\u00e9ciale<\/span> \u00e0 pr\u00e9voir si ce n&rsquo;est des chaussures confortables pour <span style=\"color: #008000;\">marcher en terrain vari\u00e9<\/span> et des v\u00eatements adapt\u00e9s \u00e0 la m\u00e9t\u00e9o et peu fragiles : le foin et les poils s&rsquo;accrochent partout !<\/p>\r\n<\/div>\r\n<h3><span style=\"color: #ff0000;\"><strong><img loading=\"lazy\" decoding=\"async\" class=\"alignnone wp-image-5\" src=\"https:\/\/www.anerie.com\/web\/wp-content\/uploads\/2016\/12\/logo-anerie.jpg\" alt=\"logo-anerie\" width=\"48\" height=\"48\" srcset=\"https:\/\/www.anerie.com\/web\/wp-content\/uploads\/2016\/12\/logo-anerie.jpg 240w, https:\/\/www.anerie.com\/web\/wp-content\/uploads\/2016\/12\/logo-anerie-150x150.jpg 150w, https:\/\/www.anerie.com\/web\/wp-content\/uploads\/2016\/12\/logo-anerie-230x230.jpg 230w, https:\/\/www.anerie.com\/web\/wp-content\/uploads\/2016\/12\/logo-anerie-80x80.jpg 80w\" sizes=\"auto, (max-width: 48px) 100vw, 48px\" \/> L&rsquo;inscription <\/strong><\/span><\/h3>\r\n<p>est acquise \u00e0 la r\u00e9ception des <span style=\"color: #ff0000;\"><strong>arrhes<\/strong><\/span> soit environ un quart du total (150\u20ac pour 1 personne pour 1 stage).<\/p>\r\n<p>Il est prudent de t\u00e9l\u00e9phoner ou mailer avant pour v\u00e9rifier s&rsquo;il y a encore de la place.<\/p>\r\n<p>RIB l\u00e0 : <a href=\"https:\/\/www.anerie.com\/web\/wp-content\/uploads\/2024\/01\/RIB-Anerie-22.pdf\">RIB \u00c2nerie 22<\/a> pour un paiement par web. Vous pouvez aussi payer directement avec paypal sur anerie@free.fr<\/p>\r\n<p>Les arrhes ne peuvent \u00eatre rembours\u00e9es qu&rsquo;en cas de d\u00e9sistement du stagiaire signal\u00e9 par courrier recommand\u00e9 plus de 30 jours avant la date de d\u00e9but du stage.<\/p>\r\n<p>Dans le cas d&rsquo;annulation d&rsquo;un stage par l&rsquo;\u00c2nerie, les arrhes vers\u00e9es restent valables pendant 12 mois pour le m\u00eame stage \u00e0 d&rsquo;autres dates du planning.<\/p>\r\n<p><span style=\"color: #ff0000;\"><strong>L&rsquo;\u00c2nerie accepte les ch\u00e8ques vacances<\/strong><\/span> : www.ancv.com<\/p>\r\n<\/div>\r\n<\/div>\r\n<\/div>\r\n","protected":false},"excerpt":{"rendered":"<p>&nbsp;Le premier stage de formation \u00e2ni\u00e8re a eu lieu \u00e0 l&rsquo;\u00c2nerie en 1994 (!) et a ouvert la possibilit\u00e9 de prise en charge d&rsquo;une formation Professionnelle. Depuis 2020, la profession d&rsquo;\u00e2nier n&rsquo;\u00e9tant pas &lsquo;reconnue&rsquo; (!), il ne peut y avoir&hellip; <\/p>\n","protected":false},"author":1,"featured_media":59,"parent":0,"menu_order":0,"comment_status":"closed","ping_status":"closed","template":"","meta":{"ngg_post_thumbnail":0,"footnotes":""},"class_list":["post-182","page","type-page","status-publish","has-post-thumbnail","hentry"],"aioseo_notices":[],"_links":{"self":[{"href":"https:\/\/www.anerie.com\/web\/wp-json\/wp\/v2\/pages\/182","targetHints":{"allow":["GET"]}}],"collection":[{"href":"https:\/\/www.anerie.com\/web\/wp-json\/wp\/v2\/pages"}],"about":[{"href":"https:\/\/www.anerie.com\/web\/wp-json\/wp\/v2\/types\/page"}],"author":[{"embeddable":true,"href":"https:\/\/www.anerie.com\/web\/wp-json\/wp\/v2\/users\/1"}],"replies":[{"embeddable":true,"href":"https:\/\/www.anerie.com\/web\/wp-json\/wp\/v2\/comments?post=182"}],"version-history":[{"count":74,"href":"https:\/\/www.anerie.com\/web\/wp-json\/wp\/v2\/pages\/182\/revisions"}],"predecessor-version":[{"id":963,"href":"https:\/\/www.anerie.com\/web\/wp-json\/wp\/v2\/pages\/182\/revisions\/963"}],"wp:featuredmedia":[{"embeddable":true,"href":"https:\/\/www.anerie.com\/web\/wp-json\/wp\/v2\/media\/59"}],"wp:attachment":[{"href":"https:\/\/www.anerie.com\/web\/wp-json\/wp\/v2\/media?parent=182"}],"curies":[{"name":"wp","href":"https:\/\/api.w.org\/{rel}","templated":true}]}}