{"id":188,"date":"2016-12-19T12:17:28","date_gmt":"2016-12-19T11:17:28","guid":{"rendered":"https:\/\/www.anerie.com\/web\/?page_id=188"},"modified":"2017-02-24T13:43:51","modified_gmt":"2017-02-24T12:43:51","slug":"martine-jouclas-une-pionniere-chez-les-anes","status":"publish","type":"page","link":"https:\/\/www.anerie.com\/web\/martine-jouclas-une-pionniere-chez-les-anes\/","title":{"rendered":"Une pionni\u00e8re chez les \u00e2nes"},"content":{"rendered":"<p style=\"text-align: center;\"><strong>Les Cahiers de l&rsquo;\u00c2ne<\/strong><\/p>\n<h3>Les Cahiers de l&rsquo;\u00c2ne n\u00b0 53 nov-dec 2012<\/h3>\n<p><em><strong>Des \u00e2nes et des hommes.<\/strong><\/em><\/p>\n<h5><a href=\"https:\/\/www.lescahiersdelane.com\/\" target=\"_blank\"><img loading=\"lazy\" decoding=\"async\" class=\"alignright\" src=\"https:\/\/www.anerie.com\/archive\/Cahiers_Martine.jpg\" alt=\"Les cahiers de l'\u00e2ne\" width=\"341\" height=\"504\" border=\"0\" \/><\/a>Martine Jouclas, une pionni\u00e8re chez les \u00e2nes<\/h5>\n<p>Martine Jouclas est en France une figure du monde de l&rsquo;\u00e2ne.<br \/>\nTout a commenc\u00e9 en 1979 avec l&rsquo;arriv\u00e9e de son premier \u00e2ne et la vie dans une grande b\u00e2tisse Lotoise.<br \/>\nA cette \u00e9poque, elle \u00e9tait s\u00fbrement loin d&rsquo;imaginer qu&rsquo;elle tiendrait une place pr\u00e9pond\u00e9rante dans ce qui allait devenir la randonn\u00e9e avec des \u00e2nes b\u00e2t\u00e9s, l&rsquo;approche de l&rsquo;\u00e2ne et sa revalorisation.<br \/>\nLe stage de shiatsu va commencer dans 10 minutes.<br \/>\nAu programme, initiation \u00e0 cette technique asiatique pris\u00e9e depuis quelques ann\u00e9es dans le monde du cheval et dont l&rsquo;\u00e2ne commence \u00e0 b\u00e9n\u00e9ficier.<br \/>\nPhilippe Della Vedova, notre formateur, se pr\u00e9sente.<br \/>\nAutour de la table, 4 stagiaires &#8211; Florence (deux fois !), Yvan et Philippe- feront de m\u00eame.<br \/>\nQuant \u00e0 Martine, initiatrice de plusieurs formations pratiques se d\u00e9roulant dans son \u00e9tablissement et chez ses partenaires, elle s&rsquo;affaire en cuisine.<br \/>\nCe midi, nous ne seront pas moins d&rsquo;une quinzaine \u00e0 table, les stagiaires de la formation &lsquo;Attel&rsquo;\u00e2ne&rsquo; et leur animateur Serge Moro venant nous rejoindre pour d\u00e9jeuner.<br \/>\nAlors, mieux vaut anticiper le potentiel app\u00e9tit de chacun.<\/p>\n<h5>Le centre de formation<\/h5>\n<p>Nous sommes en plein c\u0153ur de l&rsquo;activit\u00e9 qui a grandi au fil des ann\u00e9es, ici, \u00e0 l&rsquo;\u00c2nerie.<br \/>\nCe lieu de formation propose plusieurs modules de stages. Chaque mois un stage G\u00e9n\u00e9ral \u00a0\u00bb Le tour de l&rsquo;\u00e2ne \u00a0\u00bb accueille de futurs \u00e2niers et des particuliers soucieux de mieux comprendre les besoins de leur animal. \u00a0\u00bb S&rsquo;il y en a un \u00e0 faire, c&rsquo;est celui-l\u00e0 ! \u00a0\u00bb nous pr\u00e9cise Martine, \u00a0\u00bb il fait avancer de deux ans sur son apprentissage de l&rsquo;\u00e2ne. \u00a0\u00bb Par ailleurs, trois fois par an se d\u00e9roulent les stages &lsquo;Chuchot&rsquo;\u00e2ne&rsquo; et &lsquo;Attel&rsquo;\u00e2ne&rsquo;, ici ou chez des partenaires \u00e2niers.<br \/>\nC&rsquo;est en novembre 1994 que Martine organise une 1\u00e8re formation en pays lotois. Six stagiaires r\u00e9pondent pr\u00e9sent dont deux pris en charge par les organismes de formation professionnelle, l&rsquo;\u00c2nerie ayant obtenu un num\u00e9ro d&rsquo;agr\u00e9ment pour cela.<br \/>\nL&rsquo;id\u00e9e de monter une structure proposant des stages est venue quand Martine, alors pr\u00e9sidente de la F\u00e9d\u00e9ration Nationale \u00c2nes et Randonn\u00e9es (FNAR)et cumulant de fait<\/p>\n<p>le travail de secr\u00e9taire, tr\u00e9sori\u00e8re et animatrice, ne pouvait plus r\u00e9pondre \u00e0 toutes les demandes de renseignements \u00e9manant de personnes souhaitant s&rsquo;installer, randonner ou acheter un \u00e2ne.Les autres \u00e2niers\/adh\u00e9rents de la FNAR \u00e9tant peu int\u00e9ress\u00e9s par l&rsquo;id\u00e9e de donner des formations, Martine prit cette activit\u00e9 \u00e0 son compte, parall\u00e8lement \u00e0 la location d&rsquo;\u00e2nes qu&rsquo;elle proposait d\u00e9j\u00e0 depuis 1980.<\/p>\n<p><img loading=\"lazy\" decoding=\"async\" class=\"alignleft\" src=\"https:\/\/www.anerie.com\/archive\/Cahiers_anes_Martine.jpg\" alt=\"Martine et l'\u00e2ne\" width=\"583\" height=\"376\" border=\"0\" \/><\/p>\n<h5>\u00c9changer pour mieux \u00e9voluer<\/h5>\n<p>Quand on regarde le parcours singulier de cette femme, de toute \u00e9vidence Martine a une capacit\u00e9 \u00e0 r\u00e9unir les gens et les comp\u00e9tences pour porter des projets autour de l&rsquo;\u00e2ne, que ce soient des projets communs ou individuels. Apprendre, comprendre, transmettre, \u00e9changer et progresser sont comme des clefs de voute pour elle. \u00a0\u00bb En 1989 quand nous avons cr\u00e9\u00e9 la FNAR, nous \u00e9tions une poign\u00e9e d&rsquo;\u00e2niers, dont Andr\u00e9 Gu\u00e9rin en Ard\u00e8che et Pascal Fontenelle \u00e0 B\u00e9darieux.<br \/>\nIls \u00e9taient avec Claude et moi les pr\u00e9curseurs de la randonn\u00e9e b\u00e2t\u00e9e.<br \/>\nJ&rsquo;ai appris beaucoup avec ces gens-l\u00e0, nous avons parl\u00e9 \u00e2ne pour savoir comment \u00e7a se passait pour chacun de nous, de mat\u00e9riel aussi, rien n&rsquo;existait \u00e0 l&rsquo;\u00e9poque.<br \/>\nVoil\u00e0, on a avanc\u00e9 ensemble. \u00a0\u00bb En 20 ans, c&rsquo;est tout un r\u00e9seau qui se construit autour de l&rsquo;\u00e2ne en regroupant un nombre grandissant de particuliers et de professionnels aux activit\u00e9s asines multiples pour la plupart.<\/p>\n<p>Pr\u00e9curseur en la mati\u00e8re, Martine Jouclas a ainsi guid\u00e9 un grand nombre de futurs professionnels vers un nouveau m\u00e9tier. Car en l&rsquo;espace d&rsquo;une petite vingtaine d&rsquo;ann\u00e9es, le profil des stagiaires a \u00e9volu\u00e9. Devant l&rsquo;instabilit\u00e9 de l&#8217;emploi salari\u00e9 et le stress que cela d\u00e9gage, de plus en plus de personnes envisagent de changer de parcours et de mode de vie. L&rsquo;\u00e2ne ayant gagn\u00e9 en respectabilit\u00e9 et aussi en visibilit\u00e9, monter une structure avec des \u00e2nes ou devenir prestataire de service avec des \u00e2nes est envisageable.<br \/>\nMais tout cela ne s&rsquo;invente pas et pouvoir profiter de l&rsquo;exp\u00e9rience de personnes qui ont d\u00e9frich\u00e9 et stabilis\u00e9 ce secteur est en soi une grande chance, car tout \u00e9tait \u00e0 faire quand Martine et Claude Lacuche ont commenc\u00e9. \u00a0\u00bb Aujourd&rsquo;hui, les gens acceptent beaucoup plus l&rsquo;id\u00e9e, voire ont beaucoup plus besoin de suivre une formation. Au d\u00e9but, beaucoup estimaient que l&rsquo;\u00e2ne est un animal facile et qu&rsquo;on n&rsquo;avait pas besoin d&rsquo;\u00eatre form\u00e9s. Maintenant, ils sont conscience qu&rsquo;on est dans une soci\u00e9t\u00e9 citadine qui a perdu le lien avec l&rsquo;animal et que \u00e7a vaut le coup de faire un petit effort pour apprendre un peu mieux et un peu plus vite .\u00a0\u00bb A noter \u00e9galement que beaucoup plus de personnes viennent faire un stage avant d&rsquo;acqu\u00e9rir un \u00e2ne. \u00a0\u00bb \u00e7a, c&rsquo;est int\u00e9ressant, je les embrasse quand ils commencent comme \u00e7a ! c&rsquo;est beaucoup mieux.\u00a0\u00bb<\/p>\n<h5>Relation \u00e2ne et humain<\/h5>\n<p>Le 1er conseil de Martine \u00e0 l&rsquo;attention d&rsquo;un futur propri\u00e9taire d&rsquo;\u00e2ne serait qu&rsquo;il sache prendre du temps pour s&rsquo;occuper de son \u00e2ne. \u00a0\u00bb Ce temps doit \u00eatre un plaisir. Il faut qu&rsquo;il puisse s&rsquo;occuper de son \u00e2ne, il faut cr\u00e9er une relation. Tu n&rsquo;ach\u00e8tes pas une relation. Si c&rsquo;est pour ne voir son \u00e2ne le week-end, ce n&rsquo;est pas la peine.\u00a0\u00bb<br \/>\nPour Martine, regarder l&rsquo;\u00e2ne autrement permet aussi de gagner en connaissance sur soi. \u00a0\u00bb L&rsquo;\u00e2ne te renvoie toujours \u00e0 toi, et \u00e7a on ne peut pas le dire comme \u00e7a, parce qu&rsquo;il y a beaucoup de gens qui ne sont pas pr\u00eat \u00e0 l&rsquo;accepter. \u00a0\u00bb Un des probl\u00e8mes de l&rsquo;\u00e2ne, c&rsquo;est le transfert affectif que des gens peuvent faire sur lui.<br \/>\nIl r\u00e9ceptionne toutes les \u00e9nergies, toutes les tensions autour de lui. Donc \u00e0 nous d&rsquo;en tenir compte dans notre approche. \u00a0\u00bb Les \u00e2nes sont de v\u00e9ritables \u00e9ponges.<br \/>\nLe cheval est un animal migrateur dont la survie passe par la vivacit\u00e9 et la fuite. Donc, c&rsquo;est un animal extraverti. Alors que l&rsquo;\u00e2ne, c&rsquo;est un animal<br \/>\n<img loading=\"lazy\" decoding=\"async\" class=\"alignright\" src=\"https:\/\/www.anerie.com\/archive\/Cahiers_Anerie.jpg\" width=\"413\" height=\"271\" border=\"0\" \/> s\u00e9dentaire, qui ne se soumet pas, qui n&rsquo;ob\u00e9it jamais, qui est autonome, qui est curieux et qui bloque quand il y a un probl\u00e8me. Sa sauvegarde, c&rsquo;est le blocage et la r\u00e9flexion. Du coup, c&rsquo;est un animal qui est introverti. \u00a0\u00bb L&rsquo;exemple du cheval que l&rsquo;on pr\u00e9vient avant de passer derri\u00e8re lui, nous le connaissons bien ; avec les \u00e2nes ce type de pr\u00e9caution n&rsquo;est pas imp\u00e9ratif.<\/p>\n<p>L&rsquo;\u00e2ne sait, il est au courant de tout ce qui se passe autour de lui. \u00ab\u00a0Un \u00e2ne peut tr\u00e8s bien monter 75 fois dans un van sans rechigner et bloquer la 76i\u00e8me.<br \/>\nIl va y avoir un \u00e9l\u00e9ment nouveau qu&rsquo;il a rep\u00e9r\u00e9, lui, et que nous n&rsquo;avons pas vu.\u00a0\u00bb<br \/>\nCette capacit\u00e9 \u00e0 absorber son environnement (par une observation que d\u00e9veloppe la curiosit\u00e9 de tout) est un axe d&rsquo;apprentissage pour que les personnes apprennent \u00e0 se g\u00e9rer elles-m\u00eames.<br \/>\nAinsi leur relation avec l&rsquo;\u00e2ne en sera am\u00e9lior\u00e9e. Et cela permet aussi et de mani\u00e8re plus ais\u00e9e avec un \u00e2ne qu&rsquo;avec un cheval, d&rsquo;apprendre \u00e0 l&rsquo;\u00e2ne des choses nouvelles \u00e0 n&rsquo;importe quel \u00e2ge. \u00a0\u00bb \u00e7a veut dire qu&rsquo;il n&rsquo;est absolument pas impossible de mettre un \u00e2ne de 15 ans \u00e0 l&rsquo;attelage, par exemple. \u00a0\u00bb<\/p>\n<h5>L&rsquo;\u00e2ne, animal pluri-actif<\/h5>\n<p>Avec la cr\u00e9ation en 2011 de l&rsquo;Un\u00e2p (Union nationales des \u00c2niers Pluriactifs) en \u00e9cho \u00e0 la cr\u00e9ation du SPLAB (Syndicat des Loueurs d&rsquo;\u00c2nes B\u00e2t\u00e9s) Martine souhaite mettre en avant l&rsquo;\u00e2ne pluriactif. \u00a0\u00bb L&rsquo;\u00e2ne n&rsquo;excelle en rien, mais il est tr\u00e8s bon dans plein de trucs. Voil\u00e0 encore une diff\u00e9rence avec les chevaux. Nous avons sp\u00e9cialis\u00e9 ces derniers depuis longtemps, or l&rsquo;\u00e2ne, s&rsquo;il a \u00e9t\u00e9 \u00e0 un moment sp\u00e9cialis\u00e9 dans quelques chose, c&rsquo;est en \u00e9levage pour faire la mule. On n&rsquo;a jamais \u00e9lev\u00e9 des \u00e2nes pour eux-m\u00eames. \u00a0\u00bb<\/p>\n<p>Tout cela pour \u00e9viter de r\u00e9duire l&rsquo;\u00e2ne actif \u00e0 la randonn\u00e9e, parce qu&rsquo;il existe chez cet animal une capacit\u00e9 \u00e0 apprendre en continu et que son temp\u00e9rament et sa morphologie peuvent s&rsquo;adapter \u00e0 plusieurs activit\u00e9s, m\u00eame si certains traits sont plus en ad\u00e9quation avec l&rsquo;une d&rsquo;entre elles.<br \/>\nAujourd&rsquo;hui autour de l&rsquo;\u00e2ne se d\u00e9veloppent des m\u00e9tiers aussi diff\u00e9rents que producteur de lait d&rsquo;\u00e2nesse, que loueurs d&rsquo;\u00e2ne ou mara\u00eecher en traction animale.<br \/>\nOn ne peut faire l&rsquo;\u00e9conomie de tous ces parcours possibles et d\u00e9j\u00e0 existants.<br \/>\nPour Martine Jouclas, le monde de l&rsquo;\u00e2ne aujourd&rsquo;hui se divise en deux.<br \/>\nIl y a ceux rattach\u00e9s aux \u00e2nes de race et les autres. \u00a0\u00bb Ce qui veut dire qu&rsquo;il y a des gens qui ont une ligne de conduite li\u00e9e \u00e0 la race qu&rsquo;ils repr\u00e9sentent et parmi les autres, il y a beaucoup de gens que l&rsquo;on ne conna\u00eet pas.<br \/>\nIls sont compl\u00e8tement isol\u00e9s et tiennent \u00e0 le rester.<br \/>\nCeux-l\u00e0 sont relativement inaccessibles. Et parmi eux, il y en a beaucoup qui vendent des \u00e2nes, et il y en beaucoup qui font du n&rsquo;importe quoi ! Certains ne savent pas qu&rsquo;il faut s&rsquo;occuper des pieds de l&rsquo;\u00e2ne et croient que c&rsquo;est normal qu&rsquo;ils soient en forme de babouche\u2026 ou d&rsquo;autres qui continuent \u00e0 gaver leurs \u00e2nes.<br \/>\nPour notre interlocutrice, il y a encore beaucoup de chantiers en cours et il faut continuer \u00e0 avancer.<br \/>\nEt que \u00e7a passe par les t\u00e9l\u00e9s, par Les Cahiers\u2026<br \/>\nIl faut m\u00e9diatiser l&rsquo;\u00e2ne soign\u00e9 et actif. Parce que laisser un \u00e2ne au fond d&rsquo;un pr\u00e9, \u00e7a ne s&rsquo;appelle pas aimer un \u00e2ne.<br \/>\nCe n&rsquo;est pas le respecter. Les \u00e2nes, ils ont besoin de pr\u00e9sence, de faire des activit\u00e9s.<br \/>\nNous, on a besoin d&rsquo;activit\u00e9, de relations sociales, pour les \u00e2nes, c&rsquo;est pareil.<\/p>\n<h5>Quelques dates.<\/h5>\n<ul>\n<li>1979 Les premiers \u00e2nes arrivent \u00e0 l&rsquo;\u00c2nerie<\/li>\n<li>1980 Au printemps, premi\u00e8re location d&rsquo;\u00e2nes<\/li>\n<li>1985 &lsquo;Les \u00c2niers R\u00e9unis&rsquo; regroupent les premiers \u00e2niers professionnels<\/li>\n<li>1989 Cr\u00e9ation de la FNAR (F\u00e9d\u00e9ration Nationale \u00c2nes et Randonn\u00e9es) qui a failli s&rsquo;appeler ANAR mais ils n&rsquo;ont pas os\u00e9.<\/li>\n<li>1996 Martine Jouclas quitte la FNAR<\/li>\n<li>1992 Les Haras Nationaux marquent leur pr\u00e9sence dans le monde de l&rsquo;\u00e2ne par la reconnaissance de la race GNdB, les autres races suivront.<\/li>\n<li>1998 Arr\u00eat de la location d&rsquo;\u00e2nes, en cause la construction \u00e0 proximit\u00e9 de l&rsquo;autoroute A20. Maintien des stages de formation.<\/li>\n<li>2011 Cr\u00e9ation de l&rsquo;Union Nationale des \u00c2niers Pluriactifs.<\/li>\n<\/ul>\n<h4><a href=\"https:\/\/www.lescahiersdelane.com\/\" target=\"_blank\">Les Cahiers de l&rsquo;\u00c2ne n\u00b0 53 nov-dec 2012<\/a><\/h4>\n","protected":false},"excerpt":{"rendered":"<p>Les Cahiers de l&rsquo;\u00c2ne Les Cahiers de l&rsquo;\u00c2ne n\u00b0 53 nov-dec 2012 Des \u00e2nes et des hommes. Martine Jouclas, une pionni\u00e8re chez les \u00e2nes Martine Jouclas est en France une figure du monde de l&rsquo;\u00e2ne. Tout a commenc\u00e9 en 1979&hellip; <\/p>\n","protected":false},"author":1,"featured_media":0,"parent":0,"menu_order":0,"comment_status":"closed","ping_status":"closed","template":"","meta":{"ngg_post_thumbnail":0,"footnotes":""},"class_list":["post-188","page","type-page","status-publish","hentry"],"aioseo_notices":[],"_links":{"self":[{"href":"https:\/\/www.anerie.com\/web\/wp-json\/wp\/v2\/pages\/188","targetHints":{"allow":["GET"]}}],"collection":[{"href":"https:\/\/www.anerie.com\/web\/wp-json\/wp\/v2\/pages"}],"about":[{"href":"https:\/\/www.anerie.com\/web\/wp-json\/wp\/v2\/types\/page"}],"author":[{"embeddable":true,"href":"https:\/\/www.anerie.com\/web\/wp-json\/wp\/v2\/users\/1"}],"replies":[{"embeddable":true,"href":"https:\/\/www.anerie.com\/web\/wp-json\/wp\/v2\/comments?post=188"}],"version-history":[{"count":9,"href":"https:\/\/www.anerie.com\/web\/wp-json\/wp\/v2\/pages\/188\/revisions"}],"predecessor-version":[{"id":279,"href":"https:\/\/www.anerie.com\/web\/wp-json\/wp\/v2\/pages\/188\/revisions\/279"}],"wp:attachment":[{"href":"https:\/\/www.anerie.com\/web\/wp-json\/wp\/v2\/media?parent=188"}],"curies":[{"name":"wp","href":"https:\/\/api.w.org\/{rel}","templated":true}]}}