{"id":2,"date":"2016-12-12T09:50:40","date_gmt":"2016-12-12T08:50:40","guid":{"rendered":"https:\/\/www.anerie.com\/web\/?page_id=2"},"modified":"2026-01-06T13:15:45","modified_gmt":"2026-01-06T12:15:45","slug":"page-d-exemple","status":"publish","type":"page","link":"https:\/\/www.anerie.com\/web\/","title":{"rendered":"Accueil"},"content":{"rendered":"<h3 style=\"text-align: center;\"><span style=\"color: #008000;\">Formations et informations sur l\u2019\u00c2NE \u00e0 <\/span><span style=\"color: #008000;\">L&rsquo;\u00c2nerie<\/span><\/h3>\n<p><span style=\"color: #008000;\"> n\u00b0 362 chemin de La Dev\u00e8ze,&nbsp; 46090 Bellefont la Rauze [pr\u00e9s de CAHORS, Lot, France] &#8211; T\u00e9l: 06 87 47 68 84<\/span><\/p>\n<h2><img loading=\"lazy\" decoding=\"async\" class=\"alignnone wp-image-5\" src=\"https:\/\/www.anerie.com\/web\/wp-content\/uploads\/2016\/12\/logo-anerie.jpg\" alt=\"logo-anerie\" width=\"73\" height=\"73\" srcset=\"https:\/\/www.anerie.com\/web\/wp-content\/uploads\/2016\/12\/logo-anerie.jpg 240w, https:\/\/www.anerie.com\/web\/wp-content\/uploads\/2016\/12\/logo-anerie-150x150.jpg 150w, https:\/\/www.anerie.com\/web\/wp-content\/uploads\/2016\/12\/logo-anerie-230x230.jpg 230w, https:\/\/www.anerie.com\/web\/wp-content\/uploads\/2016\/12\/logo-anerie-80x80.jpg 80w\" sizes=\"auto, (max-width: 73px) 100vw, 73px\" \/><em>Pour vous qui, curieux comme l&rsquo;\u00c2NE, essayez d&rsquo;en savoir un peu plus et qui, prudents comme l&rsquo;\u00c2NE, r\u00e9fl\u00e9chissez avant de plonger dans\u2026 l&rsquo;\u00c2NE, <span style=\"color: #008000;\">l&rsquo;\u00e9quipe de l&rsquo;\u00c2NERIE<\/span> se met \u00e0 votre disposition lors de stages d&rsquo;une semaine pour vous faire d\u00e9couvrir <span style=\"color: #ff6600;\">ce que l&rsquo;\u00c2NE a entre les oreilles<\/span>, vous expliquer les <span style=\"color: #ff6600;\">conditions de sa bonne sant\u00e9<\/span> <span style=\"color: #ff6600;\">physique et mentale<\/span>, vous montrer comment &lsquo;<span style=\"color: #800080;\">parler-\u00c2NE&rsquo;<\/span>, vous amener \u00e0 partager ais\u00e9ment avec lui plein d&rsquo;activit\u00e9s et \u00e9ventuellement inclure l&rsquo;\u00c2NE dans votre activit\u00e9 professionnelle.<\/em><\/h2>\n<p><em>Nous avons d\u00e9velopp\u00e9 certains sujets par \u00e9crit et \u00e9ditons des <span style=\"color: #993300;\">livrets sp\u00e9cialis\u00e9s sur l&rsquo;\u00e2ne<\/span> <span style=\"color: #993300;\">et ses utilisations actuelles<\/span> (voir la page &lsquo;livrets&rsquo;). Ces livrets sont disponibles par correspondance.<\/em><br \/>\n<em>&nbsp;Pour en savoir un peu plus, <a href=\"https:\/\/www.anerie.com\/web\/martine-jouclas-une-pionniere-chez-les-anes\/\">voil\u00e0 un article<\/a> (&lt; clic !) paru dans Les Cahiers de l&rsquo;\u00c2ne.<\/em><\/p>\n<h4><span style=\"color: #008000;\"><img loading=\"lazy\" decoding=\"async\" class=\"alignnone wp-image-5\" src=\"https:\/\/www.anerie.com\/web\/wp-content\/uploads\/2016\/12\/logo-anerie.jpg\" alt=\"logo-anerie\" width=\"47\" height=\"47\" srcset=\"https:\/\/www.anerie.com\/web\/wp-content\/uploads\/2016\/12\/logo-anerie.jpg 240w, https:\/\/www.anerie.com\/web\/wp-content\/uploads\/2016\/12\/logo-anerie-150x150.jpg 150w, https:\/\/www.anerie.com\/web\/wp-content\/uploads\/2016\/12\/logo-anerie-230x230.jpg 230w, https:\/\/www.anerie.com\/web\/wp-content\/uploads\/2016\/12\/logo-anerie-80x80.jpg 80w\" sizes=\"auto, (max-width: 47px) 100vw, 47px\" \/> Pages du site :<\/span><\/h4>\n<ul>\n<li><a href=\"https:\/\/www.anerie.com\/web\/module-anier-general\/\"><strong><span style=\"color: #ff6600;\">Module \u00c2nier G\u00e9n\u00e9ral<\/span><\/strong><\/a> :<br \/>\nLe programme<\/li>\n<li><span style=\"color: #008000;\"><a style=\"color: #008000;\" href=\"https:\/\/www.anerie.com\/web\/details-sur-lanerie\/\"><strong><span style=\"color: #ff0000;\">D\u00e9tails sur<\/span> l&rsquo;\u00c2nerie<\/strong><\/a><strong> :<\/strong><\/span><br \/>\nsur les gens, l&rsquo;h\u00e9bergement, les prix, l&rsquo;acc\u00e8s et les \u00e2nes&#8230;<\/li>\n<li><a href=\"https:\/\/www.anerie.com\/web\/les-livrets-sur-l-ane\/\"><span style=\"color: #993300;\"><strong>Les livrets de <span style=\"color: #008000;\">l&rsquo;\u00c2nerie :<\/span><\/strong><\/span><\/a><br \/>\nDes informations pratiques et\/ou th\u00e9oriques sur l&rsquo;\u00e2ne et ses utilisations actuelles.<\/li>\n<li><span style=\"color: #99cc00;\"><a style=\"color: #99cc00;\" href=\"https:\/\/www.anerie.com\/web\/video\/\"><strong>photos et vid\u00e9os<\/strong><\/a><\/span><br \/>\nsur les stages, les \u00e2nes, la maison&#8230;<\/li>\n<li><span style=\"color: #008000;\"><span style=\"color: #008000;\"><strong><span style=\"color: #ff0000;\">Contact&nbsp;<\/span>&nbsp;&nbsp;<\/strong><\/span><\/span><span style=\"color: #008000;\"><strong>&nbsp; &nbsp; &nbsp; &nbsp; &nbsp; &nbsp; &nbsp; &nbsp; &nbsp; &nbsp; &nbsp; &nbsp; &nbsp; &nbsp; &nbsp; &nbsp; &nbsp; &nbsp; &nbsp; &nbsp; &nbsp; &nbsp; &nbsp; &nbsp; &nbsp; &nbsp; &nbsp; &nbsp; &nbsp; &nbsp; &nbsp; &nbsp; &nbsp; &nbsp; &nbsp; &nbsp; &nbsp; &nbsp; &nbsp; &nbsp; &nbsp; &nbsp; &nbsp; &nbsp; &nbsp; &nbsp; &nbsp; &nbsp; &nbsp; &nbsp; &nbsp; &nbsp; &nbsp; &nbsp; &nbsp; &nbsp; &nbsp; &nbsp; &nbsp; &nbsp; &nbsp; &nbsp; &nbsp; &nbsp; &nbsp; &nbsp; &nbsp; &nbsp; &nbsp; &nbsp; &nbsp; &nbsp; &nbsp; &nbsp; &nbsp; &nbsp; &nbsp; &nbsp; &nbsp; &nbsp; &nbsp; &nbsp; &nbsp; &nbsp; &nbsp;<\/strong><\/span>pour envoyer un message \u00e0 Martine.&nbsp; &nbsp; &nbsp; &nbsp; &nbsp; &nbsp; &nbsp; &nbsp; &nbsp; <img loading=\"lazy\" decoding=\"async\" class=\"alignnone wp-image-9\" style=\"font-size: revert; color: initial;\" src=\"https:\/\/www.anerie.com\/web\/wp-content\/uploads\/2016\/12\/bandeau-1-1-300x72.jpg\" alt=\"bandeau-anerie-2\" width=\"488\" height=\"117\" srcset=\"https:\/\/www.anerie.com\/web\/wp-content\/uploads\/2016\/12\/bandeau-1-1-300x72.jpg 300w, https:\/\/www.anerie.com\/web\/wp-content\/uploads\/2016\/12\/bandeau-1-1-768x185.jpg 768w, https:\/\/www.anerie.com\/web\/wp-content\/uploads\/2016\/12\/bandeau-1-1-1024x247.jpg 1024w, https:\/\/www.anerie.com\/web\/wp-content\/uploads\/2016\/12\/bandeau-1-1.jpg 1038w\" sizes=\"auto, (max-width: 488px) 100vw, 488px\" \/><\/li>\n<\/ul>\n","protected":false},"excerpt":{"rendered":"<p>Formations et informations sur l\u2019\u00c2NE \u00e0 L&rsquo;\u00c2nerie n\u00b0 362 chemin de La Dev\u00e8ze,&nbsp; 46090 Bellefont la Rauze [pr\u00e9s de CAHORS, Lot, France] &#8211; T\u00e9l: 06 87 47 68 84 Pour vous qui, curieux comme l&rsquo;\u00c2NE, essayez d&rsquo;en savoir un peu&hellip; <\/p>\n","protected":false},"author":1,"featured_media":0,"parent":0,"menu_order":0,"comment_status":"closed","ping_status":"open","template":"","meta":{"ngg_post_thumbnail":0,"footnotes":""},"class_list":["post-2","page","type-page","status-publish","hentry"],"aioseo_notices":[],"_links":{"self":[{"href":"https:\/\/www.anerie.com\/web\/wp-json\/wp\/v2\/pages\/2","targetHints":{"allow":["GET"]}}],"collection":[{"href":"https:\/\/www.anerie.com\/web\/wp-json\/wp\/v2\/pages"}],"about":[{"href":"https:\/\/www.anerie.com\/web\/wp-json\/wp\/v2\/types\/page"}],"author":[{"embeddable":true,"href":"https:\/\/www.anerie.com\/web\/wp-json\/wp\/v2\/users\/1"}],"replies":[{"embeddable":true,"href":"https:\/\/www.anerie.com\/web\/wp-json\/wp\/v2\/comments?post=2"}],"version-history":[{"count":56,"href":"https:\/\/www.anerie.com\/web\/wp-json\/wp\/v2\/pages\/2\/revisions"}],"predecessor-version":[{"id":955,"href":"https:\/\/www.anerie.com\/web\/wp-json\/wp\/v2\/pages\/2\/revisions\/955"}],"wp:attachment":[{"href":"https:\/\/www.anerie.com\/web\/wp-json\/wp\/v2\/media?parent=2"}],"curies":[{"name":"wp","href":"https:\/\/api.w.org\/{rel}","templated":true}]}}